{"id":1293,"date":"2023-07-07T12:32:52","date_gmt":"2023-07-07T10:32:52","guid":{"rendered":"https:\/\/plitvicki-dvori.com\/plitvicka-jezera\/"},"modified":"2023-08-02T13:26:24","modified_gmt":"2023-08-02T11:26:24","slug":"plitvicer-seen","status":"publish","type":"page","link":"https:\/\/plitvicki-dvori.com\/de\/plitvicer-seen\/","title":{"rendered":"Plitvicer seen"},"content":{"rendered":"<section class=\"wpb-content-wrapper\"><p>[vc_row full_width=&#8220;stretch_row_content_no_spaces&#8220; css=&#8220;.vc_custom_1688449500553{background-image: url(https:\/\/plitvicki-dvori.com\/wp-content\/uploads\/2023\/06\/pexels-obryan-poyser-5060836.jpg?id=38) !important;background-position: center !important;background-repeat: no-repeat !important;background-size: cover !important;}&#8220;][vc_column]<div class=\"cz_gap clr  hide_on_tablet hide_on_mobile\" style=\"height: 450px\"><\/div><div class=\"cz_gap show_on_tablet clr  show_only_tablet\" style=\"height: 350px\"><\/div><div class=\"cz_gap show_on_mobile clr\" style=\"height: 250px\"><\/div>[\/vc_column][\/vc_row][vc_row full_width=&#8220;stretch_row&#8220; equal_height=&#8220;yes&#8220; content_placement=&#8220;middle&#8220; css=&#8220;.vc_custom_1688450484432{background: #5c312a url(https:\/\/plitvicki-dvori.com\/wp-content\/uploads\/2023\/07\/bg-blob-1.png?id=300) !important;}&#8220;][vc_column]<div class=\"cz_gap clr  hide_on_tablet hide_on_mobile\" style=\"height: 120px\"><\/div><div class=\"cz_gap show_on_tablet clr  show_only_tablet\" style=\"height: 55px\"><\/div><div class=\"cz_gap show_on_mobile clr\" style=\"height: 35px\"><\/div>[\/vc_column][vc_column width=&#8220;1\/2&#8243;]<div id=\"cz_107671\" class=\"cz_107671 cz_title clr cz_title_pos_center tac\"><div class=\"cz_title_content\"><div class=\"cz_wpe_content\"><h2 style=\"text-align: center;\">Plitvicer seen<\/h2>\n<\/div><\/div><\/div>[\/vc_column][vc_column width=&#8220;1\/2&#8243;]<div id=\"cz_24540\" class=\"cz_24540 cz_title clr cz_title_pos_inline\"><div class=\"cz_title_content\"><div class=\"cz_wpe_content\"><p>Die Plitvicer Seen sind der \u00e4lteste und gr\u00f6\u00dfte Nationalpark der Republik Kroatien. Mit seiner au\u00dfergew\u00f6hnlichen nat\u00fcrlichen Sch\u00f6nheit hat dieses Gebiet schon immer Naturliebhaber angezogen, weshalb es am 8. April 1949 zum ersten Nationalpark Kroatiens erkl\u00e4rt wurde. Der Sedimentationsprozess, der Travertinbarrieren bildet und Seen entstehen l\u00e4sst, stellt einen einzigartigen universellen Wert dar, f\u00fcr den die Plitvicer Seen am 26. Oktober 1979 internationale Anerkennung erhielten, indem sie in die Liste des UNESCO-Weltkulturerbes aufgenommen wurden.<\/p>\n<\/div><\/div><\/div>[\/vc_column][vc_column]<div class=\"cz_gap clr  hide_on_tablet hide_on_mobile\" style=\"height: 200px\"><\/div><div class=\"cz_gap show_on_tablet clr  show_only_tablet\" style=\"height: 55px\"><\/div><div class=\"cz_gap show_on_mobile clr\" style=\"height: 35px\"><\/div>[\/vc_column][\/vc_row][vc_row full_width=&#8220;stretch_row_content_no_spaces&#8220;][vc_column]<div class=\"relative\"><div id=\"cz_77498\" class=\"cz_sep2 cz_sep2_65 cz_sep_bottom\"><svg preserveAspectRatio=\"none\" xmlns=\"http:\/\/www.w3.org\/2000\/svg\" width=\"100%\"  viewBox=\"0 0 1600 406\">\n\t\t\t\t\t\t<path style=\"fill:transparent\" d=\"M1608.03,417H-1.709L-3.493,267.327c76.974,52.083,173.369,106.4,262.948,114.816,82.7,7.772,175.138-15.857,175.138-15.857,296.27-61.5,450.55-323.851,772.167-357.194,146.02-12.5,299.07,11.613,401.05,33.813Z\"\/>\n\t\t\t\t\t\t<path style=\"fill:transparent\" d=\"M-2.25,405.5H1607.5l1-248.5S1498.97,67.09,1199,82.5C952.453,84.455,717.723,320.6,424,369c0,0-91,17-172,11-87.435-6.475-177.172-39.147-255.516-77.726Z\"\/>\n\t\t\t\t\t\t<path style=\"fill:#fef1d8\" d=\"M-5.143,340.337C87.619,364.359,200.042,380.486,309,381c298.183,1.4,631.464-245.093,878-242,244.99,3.074,420.5,129,420.5,129V410H-4.75Z\"\/>\n\t\t\t\t\t<\/svg><\/div><\/div>[\/vc_column][\/vc_row][vc_row full_width=&#8220;stretch_row&#8220; css=&#8220;.vc_custom_1688451053144{background-color: #fef1d8 !important;}&#8220;][vc_column]<div class=\"cz_gap clr  hide_on_tablet hide_on_mobile\" style=\"height: 75px\"><\/div><div class=\"cz_gap show_on_tablet clr  show_only_tablet\" style=\"height: 55px\"><\/div><div class=\"cz_gap show_on_mobile clr\" style=\"height: 35px\"><\/div>[\/vc_column][vc_column width=&#8220;1\/2&#8243;]<div class=\"cz_gap clr  hide_on_tablet hide_on_mobile\" style=\"height: 120px\"><\/div><div class=\"cz_gap show_on_tablet clr  show_only_tablet\" style=\"height: 75px\"><\/div><div class=\"cz_gap show_on_mobile clr\" style=\"height: 35px\"><\/div><div id=\"cz_27132\" data-position=\"top-right\" class=\"cz_27132 cz_image clr cz_image_no_fx center_on_mobile\"><div class=\"\" ><div class=\"cz_image_in\"><div class=\"cz_main_image\"><img loading=\"lazy\" decoding=\"async\" width=\"1600\" height=\"1200\" src=\"https:\/\/plitvicki-dvori.com\/wp-content\/uploads\/2023\/07\/plitvice-lakes.jpg\" class=\"attachment-full\" alt=\"\" title=\"River and trees in Plitvice Lakes National Park in Croatia\" srcset=\"https:\/\/plitvicki-dvori.com\/wp-content\/uploads\/2023\/07\/plitvice-lakes.jpg 1600w, https:\/\/plitvicki-dvori.com\/wp-content\/uploads\/2023\/07\/plitvice-lakes-300x225.jpg 300w, https:\/\/plitvicki-dvori.com\/wp-content\/uploads\/2023\/07\/plitvice-lakes-1024x768.jpg 1024w, https:\/\/plitvicki-dvori.com\/wp-content\/uploads\/2023\/07\/plitvice-lakes-768x576.jpg 768w, https:\/\/plitvicki-dvori.com\/wp-content\/uploads\/2023\/07\/plitvice-lakes-1536x1152.jpg 1536w, https:\/\/plitvicki-dvori.com\/wp-content\/uploads\/2023\/07\/plitvice-lakes-600x450.jpg 600w\" sizes=\"auto, (max-width: 1600px) 100vw, 1600px\" \/><\/div><\/div><\/div><\/div>[\/vc_column][vc_column width=&#8220;1\/2&#8243;]<div id=\"cz_80227\" data-position=\"top-right\" class=\"cz_80227 cz_image clr cz_image_no_fx center_on_mobile\"><div class=\"\" ><div class=\"cz_image_in\"><div class=\"cz_main_image\"><img loading=\"lazy\" decoding=\"async\" width=\"1920\" height=\"1280\" src=\"https:\/\/plitvicki-dvori.com\/wp-content\/uploads\/2023\/06\/pexels-obryan-poyser-5060836.jpg\" class=\"attachment-full\" alt=\"\" title=\"pexels-obryan-poyser-5060836\" srcset=\"https:\/\/plitvicki-dvori.com\/wp-content\/uploads\/2023\/06\/pexels-obryan-poyser-5060836.jpg 1920w, https:\/\/plitvicki-dvori.com\/wp-content\/uploads\/2023\/06\/pexels-obryan-poyser-5060836-300x200.jpg 300w, https:\/\/plitvicki-dvori.com\/wp-content\/uploads\/2023\/06\/pexels-obryan-poyser-5060836-1024x683.jpg 1024w, https:\/\/plitvicki-dvori.com\/wp-content\/uploads\/2023\/06\/pexels-obryan-poyser-5060836-768x512.jpg 768w, https:\/\/plitvicki-dvori.com\/wp-content\/uploads\/2023\/06\/pexels-obryan-poyser-5060836-1536x1024.jpg 1536w, https:\/\/plitvicki-dvori.com\/wp-content\/uploads\/2023\/06\/pexels-obryan-poyser-5060836-600x400.jpg 600w\" sizes=\"auto, (max-width: 1920px) 100vw, 1920px\" \/><\/div><\/div><\/div><\/div><div class=\"cz_gap clr  hide_on_tablet hide_on_mobile\" style=\"height: 75px\"><\/div><div class=\"cz_gap show_on_tablet clr  show_only_tablet\" style=\"height: 55px\"><\/div><div class=\"cz_gap show_on_mobile clr\" style=\"height: 35px\"><\/div><div id=\"cz_84342\" data-position=\"top-right\" class=\"cz_84342 cz_image clr cz_image_no_fx center_on_mobile\"><div class=\"\" ><div class=\"cz_image_in\"><div class=\"cz_main_image\"><img loading=\"lazy\" decoding=\"async\" width=\"2000\" height=\"1124\" src=\"https:\/\/plitvicki-dvori.com\/wp-content\/uploads\/2023\/07\/plitvice-lakes-1.jpg\" class=\"attachment-full\" alt=\"\" title=\"plitvice-lakes-1\" srcset=\"https:\/\/plitvicki-dvori.com\/wp-content\/uploads\/2023\/07\/plitvice-lakes-1.jpg 2000w, https:\/\/plitvicki-dvori.com\/wp-content\/uploads\/2023\/07\/plitvice-lakes-1-300x169.jpg 300w, https:\/\/plitvicki-dvori.com\/wp-content\/uploads\/2023\/07\/plitvice-lakes-1-1024x575.jpg 1024w, https:\/\/plitvicki-dvori.com\/wp-content\/uploads\/2023\/07\/plitvice-lakes-1-768x432.jpg 768w, https:\/\/plitvicki-dvori.com\/wp-content\/uploads\/2023\/07\/plitvice-lakes-1-1536x863.jpg 1536w, https:\/\/plitvicki-dvori.com\/wp-content\/uploads\/2023\/07\/plitvice-lakes-1-600x337.jpg 600w\" sizes=\"auto, (max-width: 2000px) 100vw, 2000px\" \/><\/div><\/div><\/div><\/div>[\/vc_column][\/vc_row][vc_row full_width=&#8220;stretch_row_content_no_spaces&#8220; css=&#8220;.vc_custom_1688468240084{background-image: url(https:\/\/plitvicki-dvori.com\/wp-content\/uploads\/2023\/07\/mesmerizing-view-plitvice-lakes-national-park-croatia-1.jpg?id=415) !important;background-position: center !important;background-repeat: no-repeat !important;background-size: cover !important;}&#8220;][vc_column]<div class=\"relative\"><div id=\"cz_76692\" class=\"cz_sep2 cz_sep2_65 cz_sep_top relative\"><svg preserveAspectRatio=\"none\" xmlns=\"http:\/\/www.w3.org\/2000\/svg\" width=\"100%\"  viewBox=\"0 0 1600 406\">\n\t\t\t\t\t\t<path style=\"fill:transparent\" d=\"M1608.03,417H-1.709L-3.493,267.327c76.974,52.083,173.369,106.4,262.948,114.816,82.7,7.772,175.138-15.857,175.138-15.857,296.27-61.5,450.55-323.851,772.167-357.194,146.02-12.5,299.07,11.613,401.05,33.813Z\"\/>\n\t\t\t\t\t\t<path style=\"fill:transparent\" d=\"M-2.25,405.5H1607.5l1-248.5S1498.97,67.09,1199,82.5C952.453,84.455,717.723,320.6,424,369c0,0-91,17-172,11-87.435-6.475-177.172-39.147-255.516-77.726Z\"\/>\n\t\t\t\t\t\t<path style=\"fill:#fef1d8\" d=\"M-5.143,340.337C87.619,364.359,200.042,380.486,309,381c298.183,1.4,631.464-245.093,878-242,244.99,3.074,420.5,129,420.5,129V410H-4.75Z\"\/>\n\t\t\t\t\t<\/svg><\/div><\/div><div class=\"cz_gap clr  hide_on_tablet hide_on_mobile\" style=\"height: 200px\"><\/div><div class=\"cz_gap show_on_tablet clr  show_only_tablet\" style=\"height: 150px\"><\/div><div class=\"cz_gap show_on_mobile clr\" style=\"height: 100px\"><\/div><div class=\"cz_eqh cz_content_box_parent_fx  \"><div id=\"cz_27702\" class=\"cz_27702 cz_content_box clr\"><div class=\"cz_box_front clr\"><div class=\"cz_box_front_inner clr \"><span><\/span><div>[vc_row_inner equal_height=&#8220;yes&#8220; content_placement=&#8220;middle&#8220;][vc_column_inner width=&#8220;5\/12&#8243;]<div id=\"cz_78757\" class=\"cz_78757 cz_title clr cz_title_pos_center tac\"><div class=\"cz_title_content\"><div class=\"cz_wpe_content\"><h3 style=\"text-align: center;\">Kontaktiere uns<\/h3>\n<\/div><\/div><\/div><div id=\"cz_51743\" class=\"cz_51743 cz_title clr cz_title_pos_center tac\"><div class=\"cz_title_content\"><div class=\"cz_wpe_content\"><p style=\"text-align: center;\"><a href=\"tel:+38598460655\">+385 98 460 655<\/a><br \/>\n<a href=\"mailto:plitvicki.dvori@gmail.com\">plitvicki.dvori@gmail.com<\/a><\/p>\n<\/div><\/div><\/div>[\/vc_column_inner][vc_column_inner width=&#8220;1\/6&#8243;]<div id=\"cz_104677\" class=\"cz_104677 cz_title clr cz_title_pos_center tac\"><div class=\"cz_title_content\"><div class=\"cz_wpe_content\"><h3 style=\"text-align: center;\">oder<\/h3>\n<\/div><\/div><\/div>[\/vc_column_inner][vc_column_inner width=&#8220;5\/12&#8243;]<div id=\"cz_110196\" class=\"cz_110196 cz_title clr cz_title_pos_center tac\"><div class=\"cz_title_content\"><div class=\"cz_wpe_content\"><h3 style=\"text-align: center;\">Eine Reservierung machen<\/h3>\n<\/div><\/div><\/div><div id=\"cz_47769\" class=\"cz_47769 cz_title clr cz_title_pos_center tac\"><div class=\"cz_title_content\"><div class=\"cz_wpe_content\"><p style=\"text-align: center;\"><a href=\"https:\/\/plitvicki-dvori.com\/de\/kontakt\/\">\u00dcber das Kontaktformular<\/a><\/p>\n<\/div><\/div><\/div>[\/vc_column_inner][\/vc_row_inner]<\/div><\/div><\/div><\/div><\/div>[\/vc_column][\/vc_row]<\/p>\n<\/section>","protected":false},"excerpt":{"rendered":"<p>[vc_row full_width=&#8220;stretch_row_content_no_spaces&#8220; css=&#8220;.vc_custom_1688449500553{background-image: url(https:\/\/plitvicki-dvori.com\/wp-content\/uploads\/2023\/06\/pexels-obryan-poyser-5060836.jpg?id=38) !important;background-position: center !important;background-repeat: no-repeat !important;background-size: cover !important;}&#8220;][vc_column][\/vc_column][\/vc_row][vc_row &#8230; <\/p>\n","protected":false},"author":1,"featured_media":0,"parent":0,"menu_order":0,"comment_status":"closed","ping_status":"closed","template":"","meta":{"footnotes":""},"class_list":["post-1293","page","type-page","status-publish","hentry"],"_links":{"self":[{"href":"https:\/\/plitvicki-dvori.com\/de\/wp-json\/wp\/v2\/pages\/1293","targetHints":{"allow":["GET"]}}],"collection":[{"href":"https:\/\/plitvicki-dvori.com\/de\/wp-json\/wp\/v2\/pages"}],"about":[{"href":"https:\/\/plitvicki-dvori.com\/de\/wp-json\/wp\/v2\/types\/page"}],"author":[{"embeddable":true,"href":"https:\/\/plitvicki-dvori.com\/de\/wp-json\/wp\/v2\/users\/1"}],"replies":[{"embeddable":true,"href":"https:\/\/plitvicki-dvori.com\/de\/wp-json\/wp\/v2\/comments?post=1293"}],"version-history":[{"count":4,"href":"https:\/\/plitvicki-dvori.com\/de\/wp-json\/wp\/v2\/pages\/1293\/revisions"}],"predecessor-version":[{"id":1553,"href":"https:\/\/plitvicki-dvori.com\/de\/wp-json\/wp\/v2\/pages\/1293\/revisions\/1553"}],"wp:attachment":[{"href":"https:\/\/plitvicki-dvori.com\/de\/wp-json\/wp\/v2\/media?parent=1293"}],"curies":[{"name":"wp","href":"https:\/\/api.w.org\/{rel}","templated":true}]}}