{"id":1258,"date":"2023-06-30T08:35:18","date_gmt":"2023-06-30T06:35:18","guid":{"rendered":"https:\/\/plitvicki-dvori.com\/aktivnosti\/"},"modified":"2023-08-02T12:57:14","modified_gmt":"2023-08-02T10:57:14","slug":"actividades","status":"publish","type":"page","link":"https:\/\/plitvicki-dvori.com\/es\/actividades\/","title":{"rendered":"Actividades"},"content":{"rendered":"<section class=\"wpb-content-wrapper\"><p>[vc_row full_width=\u00bbstretch_row_content_no_spaces\u00bb parallax=\u00bbcontent-moving\u00bb parallax_image=\u00bb182&#8243;][vc_column]<div class=\"cz_gap clr  hide_on_tablet hide_on_mobile\" style=\"height: 500px\"><\/div><div class=\"cz_gap show_on_tablet clr  show_only_tablet\" style=\"height: 300px\"><\/div><div class=\"cz_gap show_on_mobile clr\" style=\"height: 200px\"><\/div>[\/vc_column][\/vc_row][vc_row full_width=\u00bbstretch_row\u00bb equal_height=\u00bbyes\u00bb content_placement=\u00bbmiddle\u00bb css=\u00bb.vc_custom_1688454282652{background: #5c312a url(https:\/\/plitvicki-dvori.com\/wp-content\/uploads\/2023\/07\/bg-blob-1.png?id=300) !important;}\u00bb][vc_column]<div class=\"cz_gap clr  hide_on_tablet hide_on_mobile\" style=\"height: 120px\"><\/div><div class=\"cz_gap show_on_tablet clr  show_only_tablet\" style=\"height: 55px\"><\/div><div class=\"cz_gap show_on_mobile clr\" style=\"height: 35px\"><\/div>[\/vc_column][vc_column width=\u00bb1\/2&#8243;]<div id=\"cz_94362\" class=\"cz_94362 cz_title clr cz_title_pos_center tac\"><div class=\"cz_title_content\"><div class=\"cz_wpe_content\"><h2 style=\"text-align: center;\">Actividades<\/h2>\n<\/div><\/div><\/div>[\/vc_column][vc_column width=\u00bb1\/2&#8243;]<div id=\"cz_45989\" class=\"cz_45989 cz_title clr cz_title_pos_inline\"><div class=\"cz_title_content\"><div class=\"cz_wpe_content\"><p>Con nosotros puedes descansar y disfrutar de la comida y la bebida, tambi\u00e9n tenemos una peque\u00f1a granja de burros que puedes visitar y conocer a los burros aut\u00f3ctonos croatas. Y si quieres, hay muchas cosas que visitar cerca.<\/p>\n<p>Destacar\u00edamos una visita a las hermosas islas de Plitvice<br \/>\nlagos, cuevas de Barac, Speleon, Rastoki<\/p>\n<\/div><\/div><\/div>[\/vc_column][vc_column]<div class=\"cz_gap clr  hide_on_tablet hide_on_mobile\" style=\"height: 200px\"><\/div><div class=\"cz_gap show_on_tablet clr  show_only_tablet\" style=\"height: 55px\"><\/div><div class=\"cz_gap show_on_mobile clr\" style=\"height: 35px\"><\/div>[\/vc_column][\/vc_row][vc_row full_width=\u00bbstretch_row_content_no_spaces\u00bb][vc_column]<div class=\"relative\"><div id=\"cz_34423\" class=\"cz_sep2 cz_sep2_65 cz_sep_bottom\"><svg preserveAspectRatio=\"none\" xmlns=\"http:\/\/www.w3.org\/2000\/svg\" width=\"100%\"  viewBox=\"0 0 1600 406\">\n\t\t\t\t\t\t<path style=\"fill:transparent\" d=\"M1608.03,417H-1.709L-3.493,267.327c76.974,52.083,173.369,106.4,262.948,114.816,82.7,7.772,175.138-15.857,175.138-15.857,296.27-61.5,450.55-323.851,772.167-357.194,146.02-12.5,299.07,11.613,401.05,33.813Z\"\/>\n\t\t\t\t\t\t<path style=\"fill:transparent\" d=\"M-2.25,405.5H1607.5l1-248.5S1498.97,67.09,1199,82.5C952.453,84.455,717.723,320.6,424,369c0,0-91,17-172,11-87.435-6.475-177.172-39.147-255.516-77.726Z\"\/>\n\t\t\t\t\t\t<path style=\"fill:#fef1d8\" d=\"M-5.143,340.337C87.619,364.359,200.042,380.486,309,381c298.183,1.4,631.464-245.093,878-242,244.99,3.074,420.5,129,420.5,129V410H-4.75Z\"\/>\n\t\t\t\t\t<\/svg><\/div><\/div>[\/vc_column][\/vc_row][vc_row full_width=\u00bbstretch_row_content_no_spaces\u00bb equal_height=\u00bbyes\u00bb content_placement=\u00bbmiddle\u00bb css=\u00bb.vc_custom_1688725866149{background-color: #fef1d8 !important;}\u00bb][vc_column]<div class=\"cz_gap clr  hide_on_tablet hide_on_mobile\" style=\"height: 75px\"><\/div><div class=\"cz_gap show_on_tablet clr  show_only_tablet\" style=\"height: 55px\"><\/div><div class=\"cz_gap show_on_mobile clr\" style=\"height: 35px\"><\/div>[\/vc_column][vc_column width=\u00bb1\/5&#8243; css=\u00bb.vc_custom_1688725837696{margin-right: 15px !important;margin-left: 15px !important;}\u00bb]<div id=\"cz_30124\" class=\"cz_30124 cz_banner clr\">\n\t\t\t<figure class=\"effect-style1\">\n\t\t\t\t<img loading=\"lazy\" decoding=\"async\" class=\"\" src=\"https:\/\/plitvicki-dvori.com\/wp-content\/uploads\/2023\/06\/pexels-obryan-poyser-5060836-450x330.jpg\" width=\"450\" height=\"330\" alt=\"pexels-obryan-poyser-5060836\" title=\"pexels-obryan-poyser-5060836\" \/>\n\t\t\t\t<figcaption><div><h4>Lagos de Plitvice<\/h4><\/div><a href=\"https:\/\/plitvicki-dvori.com\/es\/lagos-de-plitvice\/\"> <\/a><\/figcaption>\t\t\t\n\t\t\t<\/figure>\n\t\t<\/div>[\/vc_column][vc_column width=\u00bb1\/5&#8243; css=\u00bb.vc_custom_1688725825366{margin-right: 15px !important;margin-left: 15px !important;}\u00bb]<div id=\"cz_46117\" class=\"cz_46117 cz_banner clr\">\n\t\t\t<figure class=\"effect-style1\">\n\t\t\t\t<img loading=\"lazy\" decoding=\"async\" class=\"\" src=\"https:\/\/plitvicki-dvori.com\/wp-content\/uploads\/2023\/07\/DSC7799_1-450x330.jpg\" width=\"450\" height=\"330\" alt=\"DSC7799_1\" title=\"DSC7799_1\" \/>\n\t\t\t\t<figcaption><div><h4>Cuevas de barac<\/h4><\/div><a href=\"https:\/\/plitvicki-dvori.com\/es\/cuevas-de-barac\/\"> <\/a><\/figcaption>\t\t\t\n\t\t\t<\/figure>\n\t\t<\/div>[\/vc_column][vc_column width=\u00bb1\/5&#8243; css=\u00bb.vc_custom_1688725818019{margin-right: 15px !important;margin-left: 15px !important;}\u00bb]<div id=\"cz_73058\" class=\"cz_73058 cz_banner clr\">\n\t\t\t<figure class=\"effect-style1\">\n\t\t\t\t<img loading=\"lazy\" decoding=\"async\" class=\"\" src=\"https:\/\/plitvicki-dvori.com\/wp-content\/uploads\/2023\/07\/662A1748-1-450x330.jpg\" width=\"450\" height=\"330\" alt=\"662A1748\" title=\"662A1748\" \/>\n\t\t\t\t<figcaption><div><h4>Speleon<\/h4><\/div><a href=\"https:\/\/plitvicki-dvori.com\/es\/speleon\/\"> <\/a><\/figcaption>\t\t\t\n\t\t\t<\/figure>\n\t\t<\/div>[\/vc_column][vc_column width=\u00bb1\/5&#8243; css=\u00bb.vc_custom_1688725812117{margin-right: 15px !important;margin-left: 15px !important;}\u00bb]<div id=\"cz_52450\" class=\"cz_52450 cz_banner clr\">\n\t\t\t<figure class=\"effect-style1\">\n\t\t\t\t<img loading=\"lazy\" decoding=\"async\" class=\"\" src=\"https:\/\/plitvicki-dvori.com\/wp-content\/uploads\/2023\/07\/rastoke-450x330.jpg\" width=\"450\" height=\"330\" alt=\"Waterfall on Korana river canyon in village of Rastoke. Slunj in Croatia. Near Plitvice Lakes National Park\" title=\"Waterfall on Korana river canyon in village of Rastoke. Slunj i\" \/>\n\t\t\t\t<figcaption><div><h4>Rastoke<\/h4><\/div><a href=\"https:\/\/plitvicki-dvori.com\/es\/rastoke\/\"> <\/a><\/figcaption>\t\t\t\n\t\t\t<\/figure>\n\t\t<\/div>[\/vc_column][vc_column width=\u00bb1\/5&#8243; css=\u00bb.vc_custom_1689677429008{margin-right: 15px !important;margin-left: 15px !important;}\u00bb]<div id=\"cz_32586\" class=\"cz_32586 cz_banner clr\">\n\t\t\t<figure class=\"effect-style1\">\n\t\t\t\t<img loading=\"lazy\" decoding=\"async\" class=\"\" src=\"https:\/\/plitvicki-dvori.com\/wp-content\/uploads\/2023\/07\/20230706_155202-450x330.jpg\" width=\"450\" height=\"330\" alt=\"20230706_155202\" title=\"20230706_155202\" \/>\n\t\t\t\t<figcaption><div><h4>Nuestra granja de burros<\/h4><\/div><a href=\"https:\/\/plitvicki-dvori.com\/es\/nuestra-granja-de-burros\/\"> <\/a><\/figcaption>\t\t\t\n\t\t\t<\/figure>\n\t\t<\/div>[\/vc_column][vc_column]<div class=\"cz_gap clr  hide_on_tablet hide_on_mobile\" style=\"height: 75px\"><\/div><div class=\"cz_gap show_on_tablet clr  show_only_tablet\" style=\"height: 55px\"><\/div><div class=\"cz_gap show_on_mobile clr\" style=\"height: 35px\"><\/div>[\/vc_column][\/vc_row][vc_row full_width=\u00bbstretch_row\u00bb css=\u00bb.vc_custom_1688725859640{background-color: #fef1d8 !important;}\u00bb][vc_column]<div class=\"cz_gap clr \" style=\"height: 50px\"><\/div>[\/vc_column][\/vc_row][vc_row full_width=\u00bbstretch_row_content_no_spaces\u00bb css=\u00bb.vc_custom_1688468240084{background-image: url(https:\/\/plitvicki-dvori.com\/wp-content\/uploads\/2023\/07\/mesmerizing-view-plitvice-lakes-national-park-croatia-1.jpg?id=415) !important;background-position: center !important;background-repeat: no-repeat !important;background-size: cover !important;}\u00bb][vc_column]<div class=\"relative\"><div id=\"cz_45158\" class=\"cz_sep2 cz_sep2_65 cz_sep_top relative\"><svg preserveAspectRatio=\"none\" xmlns=\"http:\/\/www.w3.org\/2000\/svg\" width=\"100%\"  viewBox=\"0 0 1600 406\">\n\t\t\t\t\t\t<path style=\"fill:transparent\" d=\"M1608.03,417H-1.709L-3.493,267.327c76.974,52.083,173.369,106.4,262.948,114.816,82.7,7.772,175.138-15.857,175.138-15.857,296.27-61.5,450.55-323.851,772.167-357.194,146.02-12.5,299.07,11.613,401.05,33.813Z\"\/>\n\t\t\t\t\t\t<path style=\"fill:transparent\" d=\"M-2.25,405.5H1607.5l1-248.5S1498.97,67.09,1199,82.5C952.453,84.455,717.723,320.6,424,369c0,0-91,17-172,11-87.435-6.475-177.172-39.147-255.516-77.726Z\"\/>\n\t\t\t\t\t\t<path style=\"fill:#fef1d8\" d=\"M-5.143,340.337C87.619,364.359,200.042,380.486,309,381c298.183,1.4,631.464-245.093,878-242,244.99,3.074,420.5,129,420.5,129V410H-4.75Z\"\/>\n\t\t\t\t\t<\/svg><\/div><\/div><div class=\"cz_gap clr  hide_on_tablet hide_on_mobile\" style=\"height: 200px\"><\/div><div class=\"cz_gap show_on_tablet clr  show_only_tablet\" style=\"height: 150px\"><\/div><div class=\"cz_gap show_on_mobile clr\" style=\"height: 100px\"><\/div><div class=\"cz_eqh cz_content_box_parent_fx  \"><div id=\"cz_27702\" class=\"cz_27702 cz_content_box clr\"><div class=\"cz_box_front clr\"><div class=\"cz_box_front_inner clr \"><span><\/span><div>[vc_row_inner equal_height=\u00bbyes\u00bb content_placement=\u00bbmiddle\u00bb][vc_column_inner width=\u00bb5\/12&#8243;]<div id=\"cz_68292\" class=\"cz_68292 cz_title clr cz_title_pos_center tac\"><div class=\"cz_title_content\"><div class=\"cz_wpe_content\"><h3 style=\"text-align: center;\">Cont\u00e1ctenos<\/h3>\n<\/div><\/div><\/div><div id=\"cz_78233\" class=\"cz_78233 cz_title clr cz_title_pos_center tac\"><div class=\"cz_title_content\"><div class=\"cz_wpe_content\"><p style=\"text-align: center;\"><a href=\"tel:+38598460655\">+385 98 460 655<\/a><br \/>\n<a href=\"mailto:plitvicki.dvori@gmail.com\">plitvicki.dvori@gmail.com<\/a><\/p>\n<\/div><\/div><\/div>[\/vc_column_inner][vc_column_inner width=\u00bb1\/6&#8243;]<div id=\"cz_43342\" class=\"cz_43342 cz_title clr cz_title_pos_center tac\"><div class=\"cz_title_content\"><div class=\"cz_wpe_content\"><h3 style=\"text-align: center;\">o<\/h3>\n<\/div><\/div><\/div>[\/vc_column_inner][vc_column_inner width=\u00bb5\/12&#8243;]<div id=\"cz_27470\" class=\"cz_27470 cz_title clr cz_title_pos_center tac\"><div class=\"cz_title_content\"><div class=\"cz_wpe_content\"><h3 style=\"text-align: center;\">Hacer una reserva<\/h3>\n<\/div><\/div><\/div><div id=\"cz_66069\" class=\"cz_66069 cz_title clr cz_title_pos_center tac\"><div class=\"cz_title_content\"><div class=\"cz_wpe_content\"><p style=\"text-align: center;\"><a href=\"https:\/\/plitvicki-dvori.com\/es\/contacto\/\">A trav\u00e9s del formulario de contacto<\/a><\/p>\n<\/div><\/div><\/div>[\/vc_column_inner][\/vc_row_inner]<\/div><\/div><\/div><\/div><\/div>[\/vc_column][\/vc_row]<\/p>\n<\/section>","protected":false},"excerpt":{"rendered":"<p>[vc_row full_width=\u00bbstretch_row_content_no_spaces\u00bb parallax=\u00bbcontent-moving\u00bb parallax_image=\u00bb182&#8243;][vc_column][\/vc_column][\/vc_row][vc_row full_width=\u00bbstretch_row\u00bb equal_height=\u00bbyes\u00bb content_placement=\u00bbmiddle\u00bb css=\u00bb.vc_custom_1688454282652{background: #5c312a url(https:\/\/plitvicki-dvori.com\/wp-content\/uploads\/2023\/07\/bg-blob-1.png?id=300) !important;}\u00bb][vc_column][\/vc_column][vc_column &#8230; <\/p>\n","protected":false},"author":1,"featured_media":0,"parent":0,"menu_order":0,"comment_status":"closed","ping_status":"closed","template":"","meta":{"footnotes":""},"class_list":["post-1258","page","type-page","status-publish","hentry"],"_links":{"self":[{"href":"https:\/\/plitvicki-dvori.com\/es\/wp-json\/wp\/v2\/pages\/1258","targetHints":{"allow":["GET"]}}],"collection":[{"href":"https:\/\/plitvicki-dvori.com\/es\/wp-json\/wp\/v2\/pages"}],"about":[{"href":"https:\/\/plitvicki-dvori.com\/es\/wp-json\/wp\/v2\/types\/page"}],"author":[{"embeddable":true,"href":"https:\/\/plitvicki-dvori.com\/es\/wp-json\/wp\/v2\/users\/1"}],"replies":[{"embeddable":true,"href":"https:\/\/plitvicki-dvori.com\/es\/wp-json\/wp\/v2\/comments?post=1258"}],"version-history":[{"count":7,"href":"https:\/\/plitvicki-dvori.com\/es\/wp-json\/wp\/v2\/pages\/1258\/revisions"}],"predecessor-version":[{"id":1529,"href":"https:\/\/plitvicki-dvori.com\/es\/wp-json\/wp\/v2\/pages\/1258\/revisions\/1529"}],"wp:attachment":[{"href":"https:\/\/plitvicki-dvori.com\/es\/wp-json\/wp\/v2\/media?parent=1258"}],"curies":[{"name":"wp","href":"https:\/\/api.w.org\/{rel}","templated":true}]}}