{"id":1234,"date":"2023-06-30T08:35:07","date_gmt":"2023-06-30T06:35:07","guid":{"rendered":"https:\/\/plitvicki-dvori.com\/restoran\/"},"modified":"2023-08-02T13:36:44","modified_gmt":"2023-08-02T11:36:44","slug":"restaurant","status":"publish","type":"page","link":"https:\/\/plitvicki-dvori.com\/fr\/restaurant\/","title":{"rendered":"Restaurant"},"content":{"rendered":"<section class=\"wpb-content-wrapper\"><p>[vc_row full_width=\u00a0\u00bbstretch_row_content_no_spaces\u00a0\u00bb parallax=\u00a0\u00bbcontent-moving\u00a0\u00bb parallax_image=\u00a0\u00bb182&Prime;][vc_column]<div class=\"cz_gap clr  hide_on_tablet hide_on_mobile\" style=\"height: 450px\"><\/div><div class=\"cz_gap show_on_tablet clr  show_only_tablet\" style=\"height: 350px\"><\/div><div class=\"cz_gap show_on_mobile clr\" style=\"height: 250px\"><\/div>[\/vc_column][\/vc_row][vc_section full_width=\u00a0\u00bbstretch_row\u00a0\u00bb css=\u00a0\u00bb.vc_custom_1688388065858{background-color: #5c312a !important;}\u00a0\u00bb][vc_row full_width=\u00a0\u00bbstretch_row_content_no_spaces\u00a0\u00bb][vc_column]<div class=\"cz_gap clr  hide_on_tablet hide_on_mobile\" style=\"height: 75px\"><\/div><div class=\"cz_gap show_on_tablet clr  show_only_tablet\" style=\"height: 55px\"><\/div><div class=\"cz_gap show_on_mobile clr\" style=\"height: 35px\"><\/div>[\/vc_column][\/vc_row][vc_row full_width=\u00a0\u00bbstretch_row_content\u00a0\u00bb css=\u00a0\u00bb.vc_custom_1688388157381{background-image: url(https:\/\/plitvicki-dvori.com\/wp-content\/uploads\/2023\/07\/bg-blob-1.png?id=300) !important;background-position: center !important;background-repeat: no-repeat !important;background-size: contain !important;}\u00a0\u00bb][vc_column][vc_single_image image=\u00a0\u00bb641&Prime; img_size=\u00a0\u00bbfull\u00a0\u00bb alignment=\u00a0\u00bbcenter\u00a0\u00bb][\/vc_column][vc_column width=\u00a0\u00bb1\/12&Prime; offset=\u00a0\u00bbvc_col-lg-4 vc_col-md-2&Prime;][\/vc_column][vc_column width=\u00a0\u00bb5\/6&Prime; el_class=\u00a0\u00bbrestoran-column-marg\u00a0\u00bb offset=\u00a0\u00bbvc_col-lg-4 vc_col-md-8&Prime;]<div id=\"cz_93850\" class=\"cz_93850 cz_title clr cz_title_pos_center\"><div class=\"cz_title_content\"><div class=\"cz_wpe_content\"><div>\n<p>Go\u00fbtez \u00e0 nos plats, plats traditionnels de notre r\u00e9gion, charcuteries, p\u00e2tes, risotto, plats cuisin\u00e9s du jour, pizzas, &#8230;<br \/>\nEssayez nos fromages maison, l&rsquo;achigan, le fromage fabriqu\u00e9 uniquement dans notre r\u00e9gion, essayez nos scones chauds cuits \u00e0 votre commande.<br \/>\nEt toutes sortes d&rsquo;autres choses..<\/p>\n<p>Nous sommes en mesure d&rsquo;organiser pour vous des r\u00e9unions d&rsquo;affaires et priv\u00e9es, des r\u00e9unions formelles et des c\u00e9l\u00e9brations de mariage plus petites.<\/p>\n<\/div>\n<div>\n<div><\/div>\n<\/div>\n<\/div><\/div><\/div>[\/vc_column][vc_column width=\u00a0\u00bb1\/12&Prime; offset=\u00a0\u00bbvc_col-lg-4 vc_col-md-2&Prime;][\/vc_column][vc_column][\/vc_column][vc_column width=\u00a0\u00bb1\/2&Prime; offset=\u00a0\u00bbvc_col-lg-3&Prime;]<div class=\"cz_eqh cz_content_box_parent_fx  restoran-jela\"><div id=\"cz_82255\" class=\"cz_82255 cz_content_box clr cz_split_box_top cz_box_hide_arrow\"><div class=\"cz_split_box\"><img decoding=\"async\" loading=\"lazy\" src=\"https:\/\/plitvicki-dvori.com\/wp-content\/uploads\/2023\/07\/IMG-20230629-WA0046.jpg\" alt=\"#\" \/><\/div><div class=\"cz_box_front clr\"><div class=\"cz_box_front_inner clr \"><div><div id=\"cz_76709\" class=\"cz_76709 cz_title clr cz_title_pos_inline\"><div class=\"cz_title_content\"><div class=\"cz_wpe_content\"><\/div><\/div><\/div><\/div><\/div><\/div><\/div><\/div><div class=\"cz_eqh cz_content_box_parent_fx  restoran-jela\"><div id=\"cz_38237\" class=\"cz_38237 cz_content_box clr cz_split_box_top cz_box_hide_arrow\"><div class=\"cz_split_box\"><img decoding=\"async\" loading=\"lazy\" src=\"https:\/\/plitvicki-dvori.com\/wp-content\/uploads\/2023\/07\/3.jpg\" alt=\"#\" \/><\/div><div class=\"cz_box_front clr\"><div class=\"cz_box_front_inner clr \"><div><div id=\"cz_76709\" class=\"cz_76709 cz_title clr cz_title_pos_inline\"><div class=\"cz_title_content\"><div class=\"cz_wpe_content\"><\/div><\/div><\/div><\/div><\/div><\/div><\/div><\/div><div class=\"cz_eqh cz_content_box_parent_fx  restoran-jela\"><div id=\"cz_65776\" class=\"cz_65776 cz_content_box clr cz_split_box_top cz_box_hide_arrow\"><div class=\"cz_split_box\"><img decoding=\"async\" loading=\"lazy\" src=\"https:\/\/plitvicki-dvori.com\/wp-content\/uploads\/2023\/07\/20230628_201001-scaled.jpg\" alt=\"#\" \/><\/div><div class=\"cz_box_front clr\"><div class=\"cz_box_front_inner clr \"><div><div id=\"cz_76709\" class=\"cz_76709 cz_title clr cz_title_pos_inline\"><div class=\"cz_title_content\"><div class=\"cz_wpe_content\"><\/div><\/div><\/div><\/div><\/div><\/div><\/div><\/div>[\/vc_column][vc_column width=\u00a0\u00bb1\/2&Prime; offset=\u00a0\u00bbvc_col-lg-3&Prime;]<div class=\"cz_eqh cz_content_box_parent_fx  restoran-jela jela-dva\"><div id=\"cz_37981\" class=\"cz_37981 cz_content_box clr cz_split_box_top cz_box_hide_arrow\"><div class=\"cz_split_box\"><img decoding=\"async\" loading=\"lazy\" src=\"https:\/\/plitvicki-dvori.com\/wp-content\/uploads\/2023\/07\/IMG-20230629-WA0043.jpg\" alt=\"#\" \/><\/div><div class=\"cz_box_front clr\"><div class=\"cz_box_front_inner clr \"><div><div id=\"cz_62329\" class=\"cz_62329 cz_title clr cz_title_pos_inline\"><div class=\"cz_title_content\"><div class=\"cz_wpe_content\"><\/div><\/div><\/div><\/div><\/div><\/div><\/div><\/div><div class=\"cz_eqh cz_content_box_parent_fx  restoran-jela jela-dva\"><div id=\"cz_47081\" class=\"cz_47081 cz_content_box clr cz_split_box_top cz_box_hide_arrow\"><div class=\"cz_split_box\"><img decoding=\"async\" loading=\"lazy\" src=\"https:\/\/plitvicki-dvori.com\/wp-content\/uploads\/2023\/07\/20230628_203709-scaled.jpg\" alt=\"#\" \/><\/div><div class=\"cz_box_front clr\"><div class=\"cz_box_front_inner clr \"><div><div id=\"cz_62329\" class=\"cz_62329 cz_title clr cz_title_pos_inline\"><div class=\"cz_title_content\"><div class=\"cz_wpe_content\"><\/div><\/div><\/div><\/div><\/div><\/div><\/div><\/div>[\/vc_column][vc_column width=\u00a0\u00bb1\/2&Prime; offset=\u00a0\u00bbvc_col-lg-3&Prime;]<div class=\"cz_eqh cz_content_box_parent_fx  restoran-jela jela-tri\"><div id=\"cz_96732\" class=\"cz_96732 cz_content_box clr cz_split_box_top cz_box_hide_arrow\"><div class=\"cz_split_box\"><img decoding=\"async\" loading=\"lazy\" src=\"https:\/\/plitvicki-dvori.com\/wp-content\/uploads\/2023\/07\/IMG-20230629-WA0042.jpg\" alt=\"#\" \/><\/div><div class=\"cz_box_front clr\"><div class=\"cz_box_front_inner clr \"><div><div id=\"cz_14863\" class=\"cz_14863 cz_title clr cz_title_pos_inline\"><div class=\"cz_title_content\"><div class=\"cz_wpe_content\"><\/div><\/div><\/div><\/div><\/div><\/div><\/div><\/div><div class=\"cz_eqh cz_content_box_parent_fx  restoran-jela jela-tri\"><div id=\"cz_88366\" class=\"cz_88366 cz_content_box clr cz_split_box_top cz_box_hide_arrow\"><div class=\"cz_split_box\"><img decoding=\"async\" loading=\"lazy\" src=\"https:\/\/plitvicki-dvori.com\/wp-content\/uploads\/2023\/07\/2.jpg\" alt=\"#\" \/><\/div><div class=\"cz_box_front clr\"><div class=\"cz_box_front_inner clr \"><div><div id=\"cz_14863\" class=\"cz_14863 cz_title clr cz_title_pos_inline\"><div class=\"cz_title_content\"><div class=\"cz_wpe_content\"><\/div><\/div><\/div><\/div><\/div><\/div><\/div><\/div>[\/vc_column][vc_column width=\u00a0\u00bb1\/2&Prime; offset=\u00a0\u00bbvc_col-lg-3&Prime;]<div class=\"cz_eqh cz_content_box_parent_fx  restoran-jela\"><div id=\"cz_60224\" class=\"cz_60224 cz_content_box clr cz_split_box_top cz_box_hide_arrow\"><div class=\"cz_split_box\"><img decoding=\"async\" loading=\"lazy\" src=\"https:\/\/plitvicki-dvori.com\/wp-content\/uploads\/2023\/07\/IMG-20230629-WA0041.jpg\" alt=\"#\" \/><\/div><div class=\"cz_box_front clr\"><div class=\"cz_box_front_inner clr \"><div><div id=\"cz_73938\" class=\"cz_73938 cz_title clr cz_title_pos_inline\"><div class=\"cz_title_content\"><div class=\"cz_wpe_content\"><\/div><\/div><\/div><\/div><\/div><\/div><\/div><\/div><div class=\"cz_eqh cz_content_box_parent_fx  restoran-jela\"><div id=\"cz_76404\" class=\"cz_76404 cz_content_box clr cz_split_box_top cz_box_hide_arrow\"><div class=\"cz_split_box\"><img decoding=\"async\" loading=\"lazy\" src=\"https:\/\/plitvicki-dvori.com\/wp-content\/uploads\/2023\/07\/1.jpg\" alt=\"#\" \/><\/div><div class=\"cz_box_front clr\"><div class=\"cz_box_front_inner clr \"><div><div id=\"cz_73938\" class=\"cz_73938 cz_title clr cz_title_pos_inline\"><div class=\"cz_title_content\"><div class=\"cz_wpe_content\"><\/div><\/div><\/div><\/div><\/div><\/div><\/div><\/div><div class=\"cz_eqh cz_content_box_parent_fx  restoran-jela\"><div id=\"cz_26532\" class=\"cz_26532 cz_content_box clr cz_split_box_top cz_box_hide_arrow\"><div class=\"cz_split_box\"><img decoding=\"async\" loading=\"lazy\" src=\"https:\/\/plitvicki-dvori.com\/wp-content\/uploads\/2023\/07\/IMG-20230629-WA0040.jpg\" alt=\"#\" \/><\/div><div class=\"cz_box_front clr\"><div class=\"cz_box_front_inner clr \"><div><div id=\"cz_73938\" class=\"cz_73938 cz_title clr cz_title_pos_inline\"><div class=\"cz_title_content\"><div class=\"cz_wpe_content\"><\/div><\/div><\/div><\/div><\/div><\/div><\/div><\/div>[\/vc_column][vc_column]<div class=\"cz_gap clr  hide_on_tablet hide_on_mobile\" style=\"height: 75px\"><\/div><div class=\"cz_gap show_on_tablet clr  show_only_tablet\" style=\"height: 55px\"><\/div><div class=\"cz_gap show_on_mobile clr\" style=\"height: 35px\"><\/div>[\/vc_column][\/vc_row][\/vc_section][vc_row full_width=\u00a0\u00bbstretch_row_content_no_spaces\u00a0\u00bb css=\u00a0\u00bb.vc_custom_1688468240084{background-image: url(https:\/\/plitvicki-dvori.com\/wp-content\/uploads\/2023\/07\/mesmerizing-view-plitvice-lakes-national-park-croatia-1.jpg?id=415) !important;background-position: center !important;background-repeat: no-repeat !important;background-size: cover !important;}\u00a0\u00bb][vc_column]<div class=\"relative\"><div id=\"cz_65133\" class=\"cz_sep2 cz_sep2_65 cz_sep_top relative\"><svg preserveAspectRatio=\"none\" xmlns=\"http:\/\/www.w3.org\/2000\/svg\" width=\"100%\"  viewBox=\"0 0 1600 406\">\n\t\t\t\t\t\t<path style=\"fill:transparent\" d=\"M1608.03,417H-1.709L-3.493,267.327c76.974,52.083,173.369,106.4,262.948,114.816,82.7,7.772,175.138-15.857,175.138-15.857,296.27-61.5,450.55-323.851,772.167-357.194,146.02-12.5,299.07,11.613,401.05,33.813Z\"\/>\n\t\t\t\t\t\t<path style=\"fill:transparent\" d=\"M-2.25,405.5H1607.5l1-248.5S1498.97,67.09,1199,82.5C952.453,84.455,717.723,320.6,424,369c0,0-91,17-172,11-87.435-6.475-177.172-39.147-255.516-77.726Z\"\/>\n\t\t\t\t\t\t<path style=\"fill:#5c312a\" d=\"M-5.143,340.337C87.619,364.359,200.042,380.486,309,381c298.183,1.4,631.464-245.093,878-242,244.99,3.074,420.5,129,420.5,129V410H-4.75Z\"\/>\n\t\t\t\t\t<\/svg><\/div><\/div><div class=\"cz_gap clr  hide_on_tablet hide_on_mobile\" style=\"height: 200px\"><\/div><div class=\"cz_gap show_on_tablet clr  show_only_tablet\" style=\"height: 150px\"><\/div><div class=\"cz_gap show_on_mobile clr\" style=\"height: 100px\"><\/div><div class=\"cz_eqh cz_content_box_parent_fx  \"><div id=\"cz_27702\" class=\"cz_27702 cz_content_box clr\"><div class=\"cz_box_front clr\"><div class=\"cz_box_front_inner clr \"><span><\/span><div>[vc_row_inner equal_height=\u00a0\u00bbyes\u00a0\u00bb content_placement=\u00a0\u00bbmiddle\u00a0\u00bb][vc_column_inner width=\u00a0\u00bb5\/12&Prime;]<div id=\"cz_38853\" class=\"cz_38853 cz_title clr cz_title_pos_center tac\"><div class=\"cz_title_content\"><div class=\"cz_wpe_content\"><h3 style=\"text-align: center;\">Contactez-nous<\/h3>\n<\/div><\/div><\/div><div id=\"cz_103660\" class=\"cz_103660 cz_title clr cz_title_pos_center tac\"><div class=\"cz_title_content\"><div class=\"cz_wpe_content\"><p style=\"text-align: center;\"><a href=\"tel:+38598460655\">+385 98 460 655<\/a><br \/>\n<a href=\"mailto:plitvicki.dvori@gmail.com\">plitvicki.dvori@gmail.com<\/a><\/p>\n<\/div><\/div><\/div>[\/vc_column_inner][vc_column_inner width=\u00a0\u00bb1\/6&Prime;]<div id=\"cz_92042\" class=\"cz_92042 cz_title clr cz_title_pos_center tac\"><div class=\"cz_title_content\"><div class=\"cz_wpe_content\"><h3 style=\"text-align: center;\">ou<\/h3>\n<\/div><\/div><\/div>[\/vc_column_inner][vc_column_inner width=\u00a0\u00bb5\/12&Prime;]<div id=\"cz_77105\" class=\"cz_77105 cz_title clr cz_title_pos_center tac\"><div class=\"cz_title_content\"><div class=\"cz_wpe_content\"><h3 style=\"text-align: center;\">Faire une r\u00e9servation<\/h3>\n<\/div><\/div><\/div><div id=\"cz_18747\" class=\"cz_18747 cz_title clr cz_title_pos_center tac\"><div class=\"cz_title_content\"><div class=\"cz_wpe_content\"><p style=\"text-align: center;\"><a href=\"https:\/\/plitvicki-dvori.com\/fr\/contact\/\">Via le formulaire de contact<\/a><\/p>\n<\/div><\/div><\/div>[\/vc_column_inner][\/vc_row_inner]<\/div><\/div><\/div><\/div><\/div>[\/vc_column][\/vc_row]<\/p>\n<\/section>","protected":false},"excerpt":{"rendered":"<p>[vc_row full_width=\u00a0\u00bbstretch_row_content_no_spaces\u00a0\u00bb parallax=\u00a0\u00bbcontent-moving\u00a0\u00bb parallax_image=\u00a0\u00bb182&Prime;][vc_column][\/vc_column][\/vc_row][vc_section full_width=\u00a0\u00bbstretch_row\u00a0\u00bb css=\u00a0\u00bb.vc_custom_1688388065858{background-color: #5c312a !important;}\u00a0\u00bb][vc_row full_width=\u00a0\u00bbstretch_row_content_no_spaces\u00a0\u00bb][vc_column][\/vc_column][\/vc_row][vc_row full_width=\u00a0\u00bbstretch_row_content\u00a0\u00bb css=\u00a0\u00bb.vc_custom_1688388157381{background-image: &#8230; <\/p>\n","protected":false},"author":1,"featured_media":0,"parent":0,"menu_order":0,"comment_status":"closed","ping_status":"closed","template":"","meta":{"footnotes":""},"class_list":["post-1234","page","type-page","status-publish","hentry"],"_links":{"self":[{"href":"https:\/\/plitvicki-dvori.com\/fr\/wp-json\/wp\/v2\/pages\/1234","targetHints":{"allow":["GET"]}}],"collection":[{"href":"https:\/\/plitvicki-dvori.com\/fr\/wp-json\/wp\/v2\/pages"}],"about":[{"href":"https:\/\/plitvicki-dvori.com\/fr\/wp-json\/wp\/v2\/types\/page"}],"author":[{"embeddable":true,"href":"https:\/\/plitvicki-dvori.com\/fr\/wp-json\/wp\/v2\/users\/1"}],"replies":[{"embeddable":true,"href":"https:\/\/plitvicki-dvori.com\/fr\/wp-json\/wp\/v2\/comments?post=1234"}],"version-history":[{"count":4,"href":"https:\/\/plitvicki-dvori.com\/fr\/wp-json\/wp\/v2\/pages\/1234\/revisions"}],"predecessor-version":[{"id":1563,"href":"https:\/\/plitvicki-dvori.com\/fr\/wp-json\/wp\/v2\/pages\/1234\/revisions\/1563"}],"wp:attachment":[{"href":"https:\/\/plitvicki-dvori.com\/fr\/wp-json\/wp\/v2\/media?parent=1234"}],"curies":[{"name":"wp","href":"https:\/\/api.w.org\/{rel}","templated":true}]}}