{"id":1268,"date":"2023-06-30T08:35:26","date_gmt":"2023-06-30T06:35:26","guid":{"rendered":"https:\/\/plitvicki-dvori.com\/o-nama\/"},"modified":"2023-08-02T13:15:26","modified_gmt":"2023-08-02T11:15:26","slug":"chi-siamo","status":"publish","type":"page","link":"https:\/\/plitvicki-dvori.com\/it\/chi-siamo\/","title":{"rendered":"Chi siamo"},"content":{"rendered":"<section class=\"wpb-content-wrapper\"><p>[vc_row full_width=&#8221;stretch_row_content_no_spaces&#8221; css=&#8221;.vc_custom_1688449500553{background-image: url(https:\/\/plitvicki-dvori.com\/wp-content\/uploads\/2023\/06\/pexels-obryan-poyser-5060836.jpg?id=38) !important;background-position: center !important;background-repeat: no-repeat !important;background-size: cover !important;}&#8221;][vc_column]<div class=\"cz_gap clr  hide_on_tablet hide_on_mobile\" style=\"height: 450px\"><\/div><div class=\"cz_gap show_on_tablet clr  show_only_tablet\" style=\"height: 350px\"><\/div><div class=\"cz_gap show_on_mobile clr\" style=\"height: 250px\"><\/div>[\/vc_column][\/vc_row][vc_row full_width=&#8221;stretch_row&#8221; equal_height=&#8221;yes&#8221; content_placement=&#8221;middle&#8221; css=&#8221;.vc_custom_1688450484432{background: #5c312a url(https:\/\/plitvicki-dvori.com\/wp-content\/uploads\/2023\/07\/bg-blob-1.png?id=300) !important;}&#8221;][vc_column]<div class=\"cz_gap clr  hide_on_tablet hide_on_mobile\" style=\"height: 120px\"><\/div><div class=\"cz_gap show_on_tablet clr  show_only_tablet\" style=\"height: 55px\"><\/div><div class=\"cz_gap show_on_mobile clr\" style=\"height: 35px\"><\/div>[\/vc_column][vc_column width=&#8221;1\/2&#8243;]<div id=\"cz_20457\" class=\"cz_20457 cz_title clr cz_title_pos_center tac\"><div class=\"cz_title_content\"><div class=\"cz_wpe_content\"><h2 style=\"text-align: center;\">Tutto ci\u00f2 di cui hai bisogno<br \/>\nper una vacanza perfetta<\/h2>\n<\/div><\/div><\/div>[\/vc_column][vc_column width=&#8221;1\/2&#8243;]<div id=\"cz_36274\" class=\"cz_36274 cz_title clr cz_title_pos_inline\"><div class=\"cz_title_content\"><div class=\"cz_wpe_content\"><p>Il nostro ristorante \u00e8 un ristorante familiare dove puoi gustare piatti tradizionali, pizze, branchie, ecc<br \/>\npasta, risotti e molto altro. La capienza del ristorante \u00e8 di 60 posti in un ambiente chiuso e climatizzato e ancor di pi\u00f9 sulla terrazza all&#8217;aperto con una bella vista e una piacevole atmosfera. Siamo in grado di offrirvi l&#8217;organizzazione di varie cerimonie e pranzi di lavoro.<br \/>\nPossiamo anche offrirti alloggio nelle nostre camere 4*, puoi riposare e prendere il sole sulla nostra area prendisole, nuotare nelle nostre due piscine all&#8217;aperto e rilassarti con biliardo e ping pong.<br \/>\nBenvenuto !!<\/p>\n<\/div><\/div><\/div>[\/vc_column][vc_column]<div class=\"cz_gap clr  hide_on_tablet hide_on_mobile\" style=\"height: 200px\"><\/div><div class=\"cz_gap show_on_tablet clr  show_only_tablet\" style=\"height: 55px\"><\/div><div class=\"cz_gap show_on_mobile clr\" style=\"height: 35px\"><\/div>[\/vc_column][\/vc_row][vc_row full_width=&#8221;stretch_row_content_no_spaces&#8221;][vc_column]<div class=\"relative\"><div id=\"cz_77498\" class=\"cz_sep2 cz_sep2_65 cz_sep_bottom\"><svg preserveAspectRatio=\"none\" xmlns=\"http:\/\/www.w3.org\/2000\/svg\" width=\"100%\"  viewBox=\"0 0 1600 406\">\n\t\t\t\t\t\t<path style=\"fill:transparent\" d=\"M1608.03,417H-1.709L-3.493,267.327c76.974,52.083,173.369,106.4,262.948,114.816,82.7,7.772,175.138-15.857,175.138-15.857,296.27-61.5,450.55-323.851,772.167-357.194,146.02-12.5,299.07,11.613,401.05,33.813Z\"\/>\n\t\t\t\t\t\t<path style=\"fill:transparent\" d=\"M-2.25,405.5H1607.5l1-248.5S1498.97,67.09,1199,82.5C952.453,84.455,717.723,320.6,424,369c0,0-91,17-172,11-87.435-6.475-177.172-39.147-255.516-77.726Z\"\/>\n\t\t\t\t\t\t<path style=\"fill:#fef1d8\" d=\"M-5.143,340.337C87.619,364.359,200.042,380.486,309,381c298.183,1.4,631.464-245.093,878-242,244.99,3.074,420.5,129,420.5,129V410H-4.75Z\"\/>\n\t\t\t\t\t<\/svg><\/div><\/div>[\/vc_column][\/vc_row][vc_row full_width=&#8221;stretch_row&#8221; css=&#8221;.vc_custom_1688451053144{background-color: #fef1d8 !important;}&#8221;][vc_column]<div class=\"cz_gap clr  hide_on_tablet hide_on_mobile\" style=\"height: 75px\"><\/div><div class=\"cz_gap show_on_tablet clr  show_only_tablet\" style=\"height: 55px\"><\/div><div class=\"cz_gap show_on_mobile clr\" style=\"height: 35px\"><\/div>[\/vc_column][vc_column width=&#8221;1\/2&#8243;]<div class=\"cz_gap clr  hide_on_tablet hide_on_mobile\" style=\"height: 120px\"><\/div><div class=\"cz_gap show_on_tablet clr  show_only_tablet\" style=\"height: 75px\"><\/div><div class=\"cz_gap show_on_mobile clr\" style=\"height: 35px\"><\/div><div id=\"cz_65827\" data-position=\"top-right\" class=\"cz_65827 cz_image clr cz_image_no_fx center_on_mobile\"><div class=\"\" ><div class=\"cz_image_in\"><div class=\"cz_main_image\"><img loading=\"lazy\" decoding=\"async\" width=\"2000\" height=\"1500\" src=\"https:\/\/plitvicki-dvori.com\/wp-content\/uploads\/2023\/07\/image5.jpeg\" class=\"attachment-full\" alt=\"\" title=\"image5\" srcset=\"https:\/\/plitvicki-dvori.com\/wp-content\/uploads\/2023\/07\/image5.jpeg 2000w, https:\/\/plitvicki-dvori.com\/wp-content\/uploads\/2023\/07\/image5-300x225.jpeg 300w, https:\/\/plitvicki-dvori.com\/wp-content\/uploads\/2023\/07\/image5-1024x768.jpeg 1024w, https:\/\/plitvicki-dvori.com\/wp-content\/uploads\/2023\/07\/image5-768x576.jpeg 768w, https:\/\/plitvicki-dvori.com\/wp-content\/uploads\/2023\/07\/image5-1536x1152.jpeg 1536w, https:\/\/plitvicki-dvori.com\/wp-content\/uploads\/2023\/07\/image5-600x450.jpeg 600w\" sizes=\"auto, (max-width: 2000px) 100vw, 2000px\" \/><\/div><\/div><\/div><\/div>[\/vc_column][vc_column width=&#8221;1\/2&#8243;]<div id=\"cz_57474\" data-position=\"top-right\" class=\"cz_57474 cz_image clr cz_image_no_fx center_on_mobile\"><div class=\"\" ><div class=\"cz_image_in\"><div class=\"cz_main_image\"><img loading=\"lazy\" decoding=\"async\" width=\"1024\" height=\"768\" src=\"https:\/\/plitvicki-dvori.com\/wp-content\/uploads\/2023\/06\/469148711.jpg\" class=\"attachment-full\" alt=\"\" title=\"469148711\" srcset=\"https:\/\/plitvicki-dvori.com\/wp-content\/uploads\/2023\/06\/469148711.jpg 1024w, https:\/\/plitvicki-dvori.com\/wp-content\/uploads\/2023\/06\/469148711-300x225.jpg 300w, https:\/\/plitvicki-dvori.com\/wp-content\/uploads\/2023\/06\/469148711-768x576.jpg 768w, https:\/\/plitvicki-dvori.com\/wp-content\/uploads\/2023\/06\/469148711-600x450.jpg 600w\" sizes=\"auto, (max-width: 1024px) 100vw, 1024px\" \/><\/div><\/div><\/div><\/div>[\/vc_column][\/vc_row][vc_row full_width=&#8221;stretch_row&#8221; css=&#8221;.vc_custom_1688451240961{background-color: #fef1d8 !important;}&#8221;][vc_column width=&#8221;1\/2&#8243;][\/vc_column][vc_column width=&#8221;1\/2&#8243;]<div class=\"cz_gap clr  hide_on_tablet hide_on_mobile\" style=\"height: 75px\"><\/div><div class=\"cz_gap show_on_tablet clr  show_only_tablet\" style=\"height: 55px\"><\/div><div class=\"cz_gap show_on_mobile clr\" style=\"height: 35px\"><\/div>[\/vc_column][\/vc_row][vc_row full_width=&#8221;stretch_row&#8221; css=&#8221;.vc_custom_1688451053144{background-color: #fef1d8 !important;}&#8221;][vc_column]<div class=\"cz_gap clr  hide_on_tablet hide_on_mobile\" style=\"height: 75px\"><\/div><div class=\"cz_gap show_on_tablet clr  show_only_tablet\" style=\"height: 55px\"><\/div><div class=\"cz_gap show_on_mobile clr\" style=\"height: 35px\"><\/div>[\/vc_column][vc_column width=&#8221;1\/2&#8243;]<div id=\"cz_89498\" data-position=\"top-right\" class=\"cz_89498 cz_image clr cz_image_no_fx center_on_mobile\"><div class=\"\" ><div class=\"cz_image_in\"><div class=\"cz_main_image\"><img loading=\"lazy\" decoding=\"async\" width=\"1024\" height=\"683\" src=\"https:\/\/plitvicki-dvori.com\/wp-content\/uploads\/2023\/07\/75319704.jpg\" class=\"attachment-full\" alt=\"\" title=\"75319704\" srcset=\"https:\/\/plitvicki-dvori.com\/wp-content\/uploads\/2023\/07\/75319704.jpg 1024w, https:\/\/plitvicki-dvori.com\/wp-content\/uploads\/2023\/07\/75319704-300x200.jpg 300w, https:\/\/plitvicki-dvori.com\/wp-content\/uploads\/2023\/07\/75319704-768x512.jpg 768w, https:\/\/plitvicki-dvori.com\/wp-content\/uploads\/2023\/07\/75319704-600x400.jpg 600w\" sizes=\"auto, (max-width: 1024px) 100vw, 1024px\" \/><\/div><\/div><\/div><\/div><div class=\"cz_gap clr  hide_on_tablet hide_on_mobile\" style=\"height: 120px\"><\/div><div class=\"cz_gap show_on_tablet clr  show_only_tablet\" style=\"height: 75px\"><\/div><div class=\"cz_gap show_on_mobile clr\" style=\"height: 35px\"><\/div><div id=\"cz_88146\" data-position=\"top-right\" class=\"cz_88146 cz_image clr cz_image_no_fx center_on_mobile\"><div class=\"\" ><div class=\"cz_image_in\"><div class=\"cz_main_image\"><img loading=\"lazy\" decoding=\"async\" width=\"2560\" height=\"1920\" src=\"https:\/\/plitvicki-dvori.com\/wp-content\/uploads\/2023\/07\/20230610_114825-scaled.jpg\" class=\"attachment-full\" alt=\"\" title=\"20230610_114825\" srcset=\"https:\/\/plitvicki-dvori.com\/wp-content\/uploads\/2023\/07\/20230610_114825-scaled.jpg 2560w, https:\/\/plitvicki-dvori.com\/wp-content\/uploads\/2023\/07\/20230610_114825-300x225.jpg 300w, https:\/\/plitvicki-dvori.com\/wp-content\/uploads\/2023\/07\/20230610_114825-1024x768.jpg 1024w, https:\/\/plitvicki-dvori.com\/wp-content\/uploads\/2023\/07\/20230610_114825-768x576.jpg 768w, https:\/\/plitvicki-dvori.com\/wp-content\/uploads\/2023\/07\/20230610_114825-1536x1152.jpg 1536w, https:\/\/plitvicki-dvori.com\/wp-content\/uploads\/2023\/07\/20230610_114825-2048x1536.jpg 2048w, https:\/\/plitvicki-dvori.com\/wp-content\/uploads\/2023\/07\/20230610_114825-600x450.jpg 600w\" sizes=\"auto, (max-width: 2560px) 100vw, 2560px\" \/><\/div><\/div><\/div><\/div>[\/vc_column][vc_column width=&#8221;1\/2&#8243;]<div class=\"cz_gap clr  hide_on_tablet hide_on_mobile\" style=\"height: 120px\"><\/div><div class=\"cz_gap show_on_tablet clr  show_only_tablet\" style=\"height: 75px\"><\/div><div class=\"cz_gap show_on_mobile clr\" style=\"height: 35px\"><\/div><div id=\"cz_60113\" data-position=\"top-right\" class=\"cz_60113 cz_image clr cz_image_no_fx center_on_mobile\"><div class=\"\" ><div class=\"cz_image_in\"><div class=\"cz_main_image\"><img loading=\"lazy\" decoding=\"async\" width=\"1024\" height=\"683\" src=\"https:\/\/plitvicki-dvori.com\/wp-content\/uploads\/2023\/07\/17832610.jpg\" class=\"attachment-full\" alt=\"\" title=\"17832610\" srcset=\"https:\/\/plitvicki-dvori.com\/wp-content\/uploads\/2023\/07\/17832610.jpg 1024w, https:\/\/plitvicki-dvori.com\/wp-content\/uploads\/2023\/07\/17832610-300x200.jpg 300w, https:\/\/plitvicki-dvori.com\/wp-content\/uploads\/2023\/07\/17832610-768x512.jpg 768w, https:\/\/plitvicki-dvori.com\/wp-content\/uploads\/2023\/07\/17832610-600x400.jpg 600w\" sizes=\"auto, (max-width: 1024px) 100vw, 1024px\" \/><\/div><\/div><\/div><\/div><div class=\"cz_gap clr  hide_on_tablet hide_on_mobile\" style=\"height: 120px\"><\/div><div class=\"cz_gap show_on_tablet clr  show_only_tablet\" style=\"height: 75px\"><\/div><div class=\"cz_gap show_on_mobile clr\" style=\"height: 35px\"><\/div><div id=\"cz_103076\" data-position=\"top-right\" class=\"cz_103076 cz_image clr cz_image_no_fx center_on_mobile\"><div class=\"\" ><div class=\"cz_image_in\"><div class=\"cz_main_image\"><img loading=\"lazy\" decoding=\"async\" width=\"2560\" height=\"1920\" src=\"https:\/\/plitvicki-dvori.com\/wp-content\/uploads\/2023\/07\/20230610_132947-scaled.jpg\" class=\"attachment-full\" alt=\"\" title=\"20230610_132947\" srcset=\"https:\/\/plitvicki-dvori.com\/wp-content\/uploads\/2023\/07\/20230610_132947-scaled.jpg 2560w, https:\/\/plitvicki-dvori.com\/wp-content\/uploads\/2023\/07\/20230610_132947-300x225.jpg 300w, https:\/\/plitvicki-dvori.com\/wp-content\/uploads\/2023\/07\/20230610_132947-1024x768.jpg 1024w, https:\/\/plitvicki-dvori.com\/wp-content\/uploads\/2023\/07\/20230610_132947-768x576.jpg 768w, https:\/\/plitvicki-dvori.com\/wp-content\/uploads\/2023\/07\/20230610_132947-1536x1152.jpg 1536w, https:\/\/plitvicki-dvori.com\/wp-content\/uploads\/2023\/07\/20230610_132947-2048x1536.jpg 2048w, https:\/\/plitvicki-dvori.com\/wp-content\/uploads\/2023\/07\/20230610_132947-600x450.jpg 600w\" sizes=\"auto, (max-width: 2560px) 100vw, 2560px\" \/><\/div><\/div><\/div><\/div>[\/vc_column][vc_column]<div class=\"cz_gap clr  hide_on_tablet hide_on_mobile\" style=\"height: 120px\"><\/div><div class=\"cz_gap show_on_tablet clr  show_only_tablet\" style=\"height: 75px\"><\/div><div class=\"cz_gap show_on_mobile clr\" style=\"height: 50px\"><\/div>[\/vc_column][\/vc_row][vc_row full_width=&#8221;stretch_row_content_no_spaces&#8221;][vc_column]<div class=\"relative\"><div id=\"cz_35522\" class=\"cz_sep2 cz_sep2_65 cz_sep_rotatey_top relative\"><svg preserveAspectRatio=\"none\" xmlns=\"http:\/\/www.w3.org\/2000\/svg\" width=\"100%\"  viewBox=\"0 0 1600 406\">\n\t\t\t\t\t\t<path style=\"fill:transparent\" d=\"M1608.03,417H-1.709L-3.493,267.327c76.974,52.083,173.369,106.4,262.948,114.816,82.7,7.772,175.138-15.857,175.138-15.857,296.27-61.5,450.55-323.851,772.167-357.194,146.02-12.5,299.07,11.613,401.05,33.813Z\"\/>\n\t\t\t\t\t\t<path style=\"fill:transparent\" d=\"M-2.25,405.5H1607.5l1-248.5S1498.97,67.09,1199,82.5C952.453,84.455,717.723,320.6,424,369c0,0-91,17-172,11-87.435-6.475-177.172-39.147-255.516-77.726Z\"\/>\n\t\t\t\t\t\t<path style=\"fill:#fef1d8\" d=\"M-5.143,340.337C87.619,364.359,200.042,380.486,309,381c298.183,1.4,631.464-245.093,878-242,244.99,3.074,420.5,129,420.5,129V410H-4.75Z\"\/>\n\t\t\t\t\t<\/svg><\/div><\/div>[\/vc_column][\/vc_row][vc_row][vc_column][\/vc_column][\/vc_row][vc_row][vc_column width=&#8221;1\/2&#8243;]<div id=\"cz_29479\" class=\"cz_29479 cz_title clr cz_title_pos_center tac\"><div class=\"cz_title_content\"><div class=\"cz_wpe_content\"><h2 class=\"shortcode-title\" style=\"text-align: center;\">Cosa dicono di noi gli ospiti<\/h2>\n<\/div><\/div><\/div>[\/vc_column][vc_column width=&#8221;1\/2&#8243;]<div id=\"cz_86508\" class=\"cz_86508 cz_testimonials cz_testimonials_s7\"><div class=\"cz_testimonials_content\"><div class=\"cz_testimonials_meta cz_tes_only_meta mb20\"><\/div><div class=\"cz_wpe_content\">La struttura si trova in un&#8217;ottima posizione, vicino a tutti i servizi. \u00c8 pulito e molto ordinato. A disposizione degli ospiti piscina, biliardo e ping pong<\/div><div class=\"cz_testimonials_meta cz_tes_only_meta mt20\"><div class=\"cz_testimonials_name_subname\"><div class=\"cz_testimonials_name\">Mateja<\/div><div class=\"cz_testimonials_subname\">Hrvatska<\/div><\/div><\/div><\/div><\/div><div id=\"cz_11604\" class=\"cz_11604 cz_testimonials cz_testimonials_s7\"><div class=\"cz_testimonials_content\"><div class=\"cz_testimonials_meta cz_tes_only_meta mb20\"><\/div><div class=\"cz_wpe_content\">Ci \u00e8 piaciuto tutto, a partire dal personale, i servizi di accoglienza&#8230; le cameriere sono molto disponibili e tengono le stanze molto pulite. L&#8217;aria condizionata in camera \u00e8 ottima. Il cibo \u00e8 molto gustoso ei camerieri sono molto gentili e disponibili. La piscina \u00e8 molto pulita, e c&#8217;\u00e8 anche un tavolo da biliardo, un tavolo da ping pong&#8230; tutto per riempire il tuo tempo libero. In una parola, tutto \u00e8 fantastico e verremo di nuovo.<\/div><div class=\"cz_testimonials_meta cz_tes_only_meta mt20\"><div class=\"cz_testimonials_name_subname\"><div class=\"cz_testimonials_name\">Davorka<\/div><div class=\"cz_testimonials_subname\">Njema\u010dka<\/div><\/div><\/div><\/div><\/div><div id=\"cz_34892\" class=\"cz_34892 cz_testimonials cz_testimonials_s7\"><div class=\"cz_testimonials_content\"><div class=\"cz_testimonials_meta cz_tes_only_meta mb20\"><\/div><div class=\"cz_wpe_content\">Un ristorante per non fumatori molto pulito, perfetto per cambiare&#8230; La cena al ristorante \u00e8 stata ottima, la pizza grande \u00e8 enorme. Avevamo due camere ed entrambe erano molto belle. Buone tariffe delle camere. Complimenti allo staff per il mantenimento di standard elevati.<\/div><div class=\"cz_testimonials_meta cz_tes_only_meta mt20\"><div class=\"cz_testimonials_name_subname\"><div class=\"cz_testimonials_name\">Beemn<\/div><div class=\"cz_testimonials_subname\">Novi Zeland<\/div><\/div><\/div><\/div><\/div>[\/vc_column][\/vc_row][vc_row][vc_column]<div class=\"cz_gap clr \" style=\"height: 100px\"><\/div>[\/vc_column][\/vc_row][vc_row full_width=&#8221;stretch_row_content_no_spaces&#8221; css=&#8221;.vc_custom_1688468240084{background-image: url(https:\/\/plitvicki-dvori.com\/wp-content\/uploads\/2023\/07\/mesmerizing-view-plitvice-lakes-national-park-croatia-1.jpg?id=415) !important;background-position: center !important;background-repeat: no-repeat !important;background-size: cover !important;}&#8221;][vc_column]<div class=\"relative\"><div id=\"cz_87395\" class=\"cz_sep2 cz_sep2_65 cz_sep_top relative\"><svg preserveAspectRatio=\"none\" xmlns=\"http:\/\/www.w3.org\/2000\/svg\" width=\"100%\"  viewBox=\"0 0 1600 406\">\n\t\t\t\t\t\t<path style=\"fill:transparent\" d=\"M1608.03,417H-1.709L-3.493,267.327c76.974,52.083,173.369,106.4,262.948,114.816,82.7,7.772,175.138-15.857,175.138-15.857,296.27-61.5,450.55-323.851,772.167-357.194,146.02-12.5,299.07,11.613,401.05,33.813Z\"\/>\n\t\t\t\t\t\t<path style=\"fill:transparent\" d=\"M-2.25,405.5H1607.5l1-248.5S1498.97,67.09,1199,82.5C952.453,84.455,717.723,320.6,424,369c0,0-91,17-172,11-87.435-6.475-177.172-39.147-255.516-77.726Z\"\/>\n\t\t\t\t\t\t<path style=\"fill:#ffffff\" d=\"M-5.143,340.337C87.619,364.359,200.042,380.486,309,381c298.183,1.4,631.464-245.093,878-242,244.99,3.074,420.5,129,420.5,129V410H-4.75Z\"\/>\n\t\t\t\t\t<\/svg><\/div><\/div><div class=\"cz_gap clr  hide_on_tablet hide_on_mobile\" style=\"height: 200px\"><\/div><div class=\"cz_gap show_on_tablet clr  show_only_tablet\" style=\"height: 150px\"><\/div><div class=\"cz_gap show_on_mobile clr\" style=\"height: 100px\"><\/div><div class=\"cz_eqh cz_content_box_parent_fx  \"><div id=\"cz_27702\" class=\"cz_27702 cz_content_box clr\"><div class=\"cz_box_front clr\"><div class=\"cz_box_front_inner clr \"><span><\/span><div>[vc_row_inner equal_height=&#8221;yes&#8221; content_placement=&#8221;middle&#8221;][vc_column_inner width=&#8221;5\/12&#8243;]<div id=\"cz_110565\" class=\"cz_110565 cz_title clr cz_title_pos_center tac\"><div class=\"cz_title_content\"><div class=\"cz_wpe_content\"><h3 style=\"text-align: center;\">Contattaci<\/h3>\n<\/div><\/div><\/div><div id=\"cz_11363\" class=\"cz_11363 cz_title clr cz_title_pos_center tac\"><div class=\"cz_title_content\"><div class=\"cz_wpe_content\"><p style=\"text-align: center;\"><a href=\"tel:+38598460655\">+385 98 460 655<\/a><br \/>\n<a href=\"mailto:plitvicki.dvori@gmail.com\">plitvicki.dvori@gmail.com<\/a><\/p>\n<\/div><\/div><\/div>[\/vc_column_inner][vc_column_inner width=&#8221;1\/6&#8243;]<div id=\"cz_40626\" class=\"cz_40626 cz_title clr cz_title_pos_center tac\"><div class=\"cz_title_content\"><div class=\"cz_wpe_content\"><h3 style=\"text-align: center;\">o<\/h3>\n<\/div><\/div><\/div>[\/vc_column_inner][vc_column_inner width=&#8221;5\/12&#8243;]<div id=\"cz_58479\" class=\"cz_58479 cz_title clr cz_title_pos_center tac\"><div class=\"cz_title_content\"><div class=\"cz_wpe_content\"><h3 style=\"text-align: center;\">Fare una prenotazione<\/h3>\n<\/div><\/div><\/div><div id=\"cz_28332\" class=\"cz_28332 cz_title clr cz_title_pos_center tac\"><div class=\"cz_title_content\"><div class=\"cz_wpe_content\"><p style=\"text-align: center;\"><a href=\"https:\/\/www.booking.com\/hotel\/hr\/plitvicki-dvori.html\">Fare una prenotazione<\/a><br \/>\n<a href=\"https:\/\/plitvicki-dvori.com\/it\/contattaci\/\">Attraverso il modulo di contatto<\/a><\/p>\n<\/div><\/div><\/div>[\/vc_column_inner][\/vc_row_inner]<\/div><\/div><\/div><\/div><\/div>[\/vc_column][\/vc_row]<\/p>\n<\/section>","protected":false},"excerpt":{"rendered":"<p>[vc_row full_width=&#8221;stretch_row_content_no_spaces&#8221; css=&#8221;.vc_custom_1688449500553{background-image: url(https:\/\/plitvicki-dvori.com\/wp-content\/uploads\/2023\/06\/pexels-obryan-poyser-5060836.jpg?id=38) !important;background-position: center !important;background-repeat: no-repeat !important;background-size: cover !important;}&#8221;][vc_column][\/vc_column][\/vc_row][vc_row &#8230; <\/p>\n","protected":false},"author":1,"featured_media":0,"parent":0,"menu_order":0,"comment_status":"closed","ping_status":"closed","template":"","meta":{"footnotes":""},"class_list":["post-1268","page","type-page","status-publish","hentry"],"_links":{"self":[{"href":"https:\/\/plitvicki-dvori.com\/it\/wp-json\/wp\/v2\/pages\/1268","targetHints":{"allow":["GET"]}}],"collection":[{"href":"https:\/\/plitvicki-dvori.com\/it\/wp-json\/wp\/v2\/pages"}],"about":[{"href":"https:\/\/plitvicki-dvori.com\/it\/wp-json\/wp\/v2\/types\/page"}],"author":[{"embeddable":true,"href":"https:\/\/plitvicki-dvori.com\/it\/wp-json\/wp\/v2\/users\/1"}],"replies":[{"embeddable":true,"href":"https:\/\/plitvicki-dvori.com\/it\/wp-json\/wp\/v2\/comments?post=1268"}],"version-history":[{"count":4,"href":"https:\/\/plitvicki-dvori.com\/it\/wp-json\/wp\/v2\/pages\/1268\/revisions"}],"predecessor-version":[{"id":1543,"href":"https:\/\/plitvicki-dvori.com\/it\/wp-json\/wp\/v2\/pages\/1268\/revisions\/1543"}],"wp:attachment":[{"href":"https:\/\/plitvicki-dvori.com\/it\/wp-json\/wp\/v2\/media?parent=1268"}],"curies":[{"name":"wp","href":"https:\/\/api.w.org\/{rel}","templated":true}]}}