{"id":1325,"date":"2023-07-26T20:21:11","date_gmt":"2023-07-26T18:21:11","guid":{"rendered":"https:\/\/plitvicki-dvori.com\/rastoke\/"},"modified":"2023-08-01T09:32:37","modified_gmt":"2023-08-01T07:32:37","slug":"rastoke","status":"publish","type":"page","link":"https:\/\/plitvicki-dvori.com\/it\/rastoke\/","title":{"rendered":"Rastoke"},"content":{"rendered":"<section class=\"wpb-content-wrapper\"><p>[vc_row full_width=&#8221;stretch_row_content_no_spaces&#8221; css=&#8221;.vc_custom_1688449500553{background-image: url(https:\/\/plitvicki-dvori.com\/wp-content\/uploads\/2023\/06\/pexels-obryan-poyser-5060836.jpg?id=38) !important;background-position: center !important;background-repeat: no-repeat !important;background-size: cover !important;}&#8221;][vc_column]<div class=\"cz_gap clr  hide_on_tablet hide_on_mobile\" style=\"height: 450px\"><\/div><div class=\"cz_gap show_on_tablet clr  show_only_tablet\" style=\"height: 350px\"><\/div><div class=\"cz_gap show_on_mobile clr\" style=\"height: 250px\"><\/div>[\/vc_column][\/vc_row][vc_row full_width=&#8221;stretch_row&#8221; equal_height=&#8221;yes&#8221; content_placement=&#8221;middle&#8221; css=&#8221;.vc_custom_1688450484432{background: #5c312a url(https:\/\/plitvicki-dvori.com\/wp-content\/uploads\/2023\/07\/bg-blob-1.png?id=300) !important;}&#8221;][vc_column]<div class=\"cz_gap clr  hide_on_tablet hide_on_mobile\" style=\"height: 120px\"><\/div><div class=\"cz_gap show_on_tablet clr  show_only_tablet\" style=\"height: 55px\"><\/div><div class=\"cz_gap show_on_mobile clr\" style=\"height: 35px\"><\/div>[\/vc_column][vc_column width=&#8221;1\/2&#8243;]<div id=\"cz_17710\" class=\"cz_17710 cz_title clr cz_title_pos_center tac\"><div class=\"cz_title_content\"><div class=\"cz_wpe_content\"><h2 style=\"text-align: center;\">Rastoke<\/h2>\n<\/div><\/div><\/div>[\/vc_column][vc_column width=&#8221;1\/2&#8243;]<div id=\"cz_31880\" class=\"cz_31880 cz_title clr cz_title_pos_inline\"><div class=\"cz_title_content\"><div class=\"cz_wpe_content\"><p>Una delle attrazioni turistiche pi\u00f9 attraenti della Croazia \u00e8 la pittoresca cittadina di Rastoka, dove la vita \u00e8 sempre stata dettata da due fiumi: il piccolo Slunj\u010dica e il possente Korana. A Rastoki, lo Slunj\u010dica sfocia nel fiume Korana attraverso rocce di travertino, e nel suo corso crea molti laghi, rapide e cascate, le pi\u00f9 famose delle quali sono Buk, Hrvoje e Vilina kosa. Molti chiamano Rastok una piccola Plitvice perch\u00e9 la composizione geologica delle cascate \u00e8 identica a quella del Parco Nazionale dei Laghi di Plitvice, da cui questa perla dista solo 30 chilometri.<\/p>\n<\/div><\/div><\/div>[\/vc_column][vc_column]<div class=\"cz_gap clr  hide_on_tablet hide_on_mobile\" style=\"height: 200px\"><\/div><div class=\"cz_gap show_on_tablet clr  show_only_tablet\" style=\"height: 55px\"><\/div><div class=\"cz_gap show_on_mobile clr\" style=\"height: 35px\"><\/div>[\/vc_column][\/vc_row][vc_row full_width=&#8221;stretch_row_content_no_spaces&#8221;][vc_column]<div class=\"relative\"><div id=\"cz_77498\" class=\"cz_sep2 cz_sep2_65 cz_sep_bottom\"><svg preserveAspectRatio=\"none\" xmlns=\"http:\/\/www.w3.org\/2000\/svg\" width=\"100%\"  viewBox=\"0 0 1600 406\">\n\t\t\t\t\t\t<path style=\"fill:transparent\" d=\"M1608.03,417H-1.709L-3.493,267.327c76.974,52.083,173.369,106.4,262.948,114.816,82.7,7.772,175.138-15.857,175.138-15.857,296.27-61.5,450.55-323.851,772.167-357.194,146.02-12.5,299.07,11.613,401.05,33.813Z\"\/>\n\t\t\t\t\t\t<path style=\"fill:transparent\" d=\"M-2.25,405.5H1607.5l1-248.5S1498.97,67.09,1199,82.5C952.453,84.455,717.723,320.6,424,369c0,0-91,17-172,11-87.435-6.475-177.172-39.147-255.516-77.726Z\"\/>\n\t\t\t\t\t\t<path style=\"fill:#fef1d8\" d=\"M-5.143,340.337C87.619,364.359,200.042,380.486,309,381c298.183,1.4,631.464-245.093,878-242,244.99,3.074,420.5,129,420.5,129V410H-4.75Z\"\/>\n\t\t\t\t\t<\/svg><\/div><\/div>[\/vc_column][\/vc_row][vc_row full_width=&#8221;stretch_row&#8221; css=&#8221;.vc_custom_1688451053144{background-color: #fef1d8 !important;}&#8221;][vc_column]<div class=\"cz_gap clr  hide_on_tablet hide_on_mobile\" style=\"height: 75px\"><\/div><div class=\"cz_gap show_on_tablet clr  show_only_tablet\" style=\"height: 55px\"><\/div><div class=\"cz_gap show_on_mobile clr\" style=\"height: 35px\"><\/div>[\/vc_column][vc_column width=&#8221;1\/2&#8243;]<div class=\"cz_gap clr  hide_on_tablet hide_on_mobile\" style=\"height: 120px\"><\/div><div class=\"cz_gap show_on_tablet clr  show_only_tablet\" style=\"height: 75px\"><\/div><div class=\"cz_gap show_on_mobile clr\" style=\"height: 35px\"><\/div><div id=\"cz_15872\" data-position=\"top-right\" class=\"cz_15872 cz_image clr cz_image_no_fx center_on_mobile\"><div class=\"\" ><div class=\"cz_image_in\"><div class=\"cz_main_image\"><img loading=\"lazy\" decoding=\"async\" width=\"1500\" height=\"825\" src=\"https:\/\/plitvicki-dvori.com\/wp-content\/uploads\/2023\/07\/aerial-view-small-waterfalls-rastoke-croatia-2.jpg\" class=\"attachment-full\" alt=\"\" title=\"aerial-view-small-waterfalls-rastoke-croatia (2)\" srcset=\"https:\/\/plitvicki-dvori.com\/wp-content\/uploads\/2023\/07\/aerial-view-small-waterfalls-rastoke-croatia-2.jpg 1500w, https:\/\/plitvicki-dvori.com\/wp-content\/uploads\/2023\/07\/aerial-view-small-waterfalls-rastoke-croatia-2-300x165.jpg 300w, https:\/\/plitvicki-dvori.com\/wp-content\/uploads\/2023\/07\/aerial-view-small-waterfalls-rastoke-croatia-2-1024x563.jpg 1024w, https:\/\/plitvicki-dvori.com\/wp-content\/uploads\/2023\/07\/aerial-view-small-waterfalls-rastoke-croatia-2-768x422.jpg 768w, https:\/\/plitvicki-dvori.com\/wp-content\/uploads\/2023\/07\/aerial-view-small-waterfalls-rastoke-croatia-2-600x330.jpg 600w\" sizes=\"auto, (max-width: 1500px) 100vw, 1500px\" \/><\/div><\/div><\/div><\/div>[\/vc_column][vc_column width=&#8221;1\/2&#8243;]<div id=\"cz_19807\" data-position=\"top-right\" class=\"cz_19807 cz_image clr cz_image_no_fx center_on_mobile\"><div class=\"\" ><div class=\"cz_image_in\"><div class=\"cz_main_image\"><img loading=\"lazy\" decoding=\"async\" width=\"1600\" height=\"1067\" src=\"https:\/\/plitvicki-dvori.com\/wp-content\/uploads\/2023\/07\/rastoke.jpg\" class=\"attachment-full\" alt=\"\" title=\"Waterfall on Korana river canyon in village of Rastoke. Slunj i\" srcset=\"https:\/\/plitvicki-dvori.com\/wp-content\/uploads\/2023\/07\/rastoke.jpg 1600w, https:\/\/plitvicki-dvori.com\/wp-content\/uploads\/2023\/07\/rastoke-300x200.jpg 300w, https:\/\/plitvicki-dvori.com\/wp-content\/uploads\/2023\/07\/rastoke-1024x683.jpg 1024w, https:\/\/plitvicki-dvori.com\/wp-content\/uploads\/2023\/07\/rastoke-768x512.jpg 768w, https:\/\/plitvicki-dvori.com\/wp-content\/uploads\/2023\/07\/rastoke-1536x1024.jpg 1536w, https:\/\/plitvicki-dvori.com\/wp-content\/uploads\/2023\/07\/rastoke-600x400.jpg 600w\" sizes=\"auto, (max-width: 1600px) 100vw, 1600px\" \/><\/div><\/div><\/div><\/div><div class=\"cz_gap clr  hide_on_tablet hide_on_mobile\" style=\"height: 75px\"><\/div><div class=\"cz_gap show_on_tablet clr  show_only_tablet\" style=\"height: 55px\"><\/div><div class=\"cz_gap show_on_mobile clr\" style=\"height: 35px\"><\/div><div id=\"cz_110186\" data-position=\"top-right\" class=\"cz_110186 cz_image clr cz_image_no_fx center_on_mobile\"><div class=\"\" ><div class=\"cz_image_in\"><div class=\"cz_main_image\"><img loading=\"lazy\" decoding=\"async\" width=\"1500\" height=\"1000\" src=\"https:\/\/plitvicki-dvori.com\/wp-content\/uploads\/2023\/07\/waterfall-korana-river-canyon-village-rastoke-slunj-croatia-near-plitvice-lakes-national-park-1.jpg\" class=\"attachment-full\" alt=\"\" title=\"waterfall-korana-river-canyon-village-rastoke-slunj-croatia-near-plitvice-lakes-national-park (1)\" srcset=\"https:\/\/plitvicki-dvori.com\/wp-content\/uploads\/2023\/07\/waterfall-korana-river-canyon-village-rastoke-slunj-croatia-near-plitvice-lakes-national-park-1.jpg 1500w, https:\/\/plitvicki-dvori.com\/wp-content\/uploads\/2023\/07\/waterfall-korana-river-canyon-village-rastoke-slunj-croatia-near-plitvice-lakes-national-park-1-300x200.jpg 300w, https:\/\/plitvicki-dvori.com\/wp-content\/uploads\/2023\/07\/waterfall-korana-river-canyon-village-rastoke-slunj-croatia-near-plitvice-lakes-national-park-1-1024x683.jpg 1024w, https:\/\/plitvicki-dvori.com\/wp-content\/uploads\/2023\/07\/waterfall-korana-river-canyon-village-rastoke-slunj-croatia-near-plitvice-lakes-national-park-1-768x512.jpg 768w, https:\/\/plitvicki-dvori.com\/wp-content\/uploads\/2023\/07\/waterfall-korana-river-canyon-village-rastoke-slunj-croatia-near-plitvice-lakes-national-park-1-600x400.jpg 600w\" sizes=\"auto, (max-width: 1500px) 100vw, 1500px\" \/><\/div><\/div><\/div><\/div>[\/vc_column][\/vc_row][vc_row full_width=&#8221;stretch_row_content_no_spaces&#8221; css=&#8221;.vc_custom_1688468240084{background-image: url(https:\/\/plitvicki-dvori.com\/wp-content\/uploads\/2023\/07\/mesmerizing-view-plitvice-lakes-national-park-croatia-1.jpg?id=415) !important;background-position: center !important;background-repeat: no-repeat !important;background-size: cover !important;}&#8221;][vc_column]<div class=\"relative\"><div id=\"cz_76692\" class=\"cz_sep2 cz_sep2_65 cz_sep_top relative\"><svg preserveAspectRatio=\"none\" xmlns=\"http:\/\/www.w3.org\/2000\/svg\" width=\"100%\"  viewBox=\"0 0 1600 406\">\n\t\t\t\t\t\t<path style=\"fill:transparent\" d=\"M1608.03,417H-1.709L-3.493,267.327c76.974,52.083,173.369,106.4,262.948,114.816,82.7,7.772,175.138-15.857,175.138-15.857,296.27-61.5,450.55-323.851,772.167-357.194,146.02-12.5,299.07,11.613,401.05,33.813Z\"\/>\n\t\t\t\t\t\t<path style=\"fill:transparent\" d=\"M-2.25,405.5H1607.5l1-248.5S1498.97,67.09,1199,82.5C952.453,84.455,717.723,320.6,424,369c0,0-91,17-172,11-87.435-6.475-177.172-39.147-255.516-77.726Z\"\/>\n\t\t\t\t\t\t<path style=\"fill:#fef1d8\" d=\"M-5.143,340.337C87.619,364.359,200.042,380.486,309,381c298.183,1.4,631.464-245.093,878-242,244.99,3.074,420.5,129,420.5,129V410H-4.75Z\"\/>\n\t\t\t\t\t<\/svg><\/div><\/div><div class=\"cz_gap clr  hide_on_tablet hide_on_mobile\" style=\"height: 200px\"><\/div><div class=\"cz_gap show_on_tablet clr  show_only_tablet\" style=\"height: 150px\"><\/div><div class=\"cz_gap show_on_mobile clr\" style=\"height: 100px\"><\/div><div class=\"cz_eqh cz_content_box_parent_fx  \"><div id=\"cz_27702\" class=\"cz_27702 cz_content_box clr\"><div class=\"cz_box_front clr\"><div class=\"cz_box_front_inner clr \"><span><\/span><div>[vc_row_inner equal_height=&#8221;yes&#8221; content_placement=&#8221;middle&#8221;][vc_column_inner width=&#8221;5\/12&#8243;]<div id=\"cz_78613\" class=\"cz_78613 cz_title clr cz_title_pos_center tac\"><div class=\"cz_title_content\"><div class=\"cz_wpe_content\"><h3 style=\"text-align: center;\">Contattaci<\/h3>\n<\/div><\/div><\/div><div id=\"cz_28787\" class=\"cz_28787 cz_title clr cz_title_pos_center tac\"><div class=\"cz_title_content\"><div class=\"cz_wpe_content\"><p style=\"text-align: center;\"><a href=\"tel:+38598460655\">+385 98 460 655<\/a><br \/>\n<a href=\"mailto:plitvicki.dvori@gmail.com\">plitvicki.dvori@gmail.com<\/a><br \/>\n<a href=\"https:\/\/plitvicki-dvori.com\/it\/kontakt\/\">Putem kontakt forme<\/a><\/p>\n<\/div><\/div><\/div>[\/vc_column_inner][vc_column_inner width=&#8221;1\/6&#8243;]<div id=\"cz_86459\" class=\"cz_86459 cz_title clr cz_title_pos_center tac\"><div class=\"cz_title_content\"><div class=\"cz_wpe_content\"><h3 style=\"text-align: center;\">o<\/h3>\n<\/div><\/div><\/div>[\/vc_column_inner][vc_column_inner width=&#8221;5\/12&#8243;]<div id=\"cz_16951\" class=\"cz_16951 cz_title clr cz_title_pos_center tac\"><div class=\"cz_title_content\"><div class=\"cz_wpe_content\"><h3 style=\"text-align: center;\">Fare una prenotazione<\/h3>\n<\/div><\/div><\/div><div id=\"cz_98064\" class=\"cz_98064 cz_title clr cz_title_pos_center tac\"><div class=\"cz_title_content\"><div class=\"cz_wpe_content\"><p style=\"text-align: center;\"><a href=\"https:\/\/www.booking.com\/hotel\/hr\/plitvicki-dvori.html\">Fare una prenotazione<\/a><\/p>\n<\/div><\/div><\/div>[\/vc_column_inner][\/vc_row_inner]<\/div><\/div><\/div><\/div><\/div>[\/vc_column][\/vc_row]<\/p>\n<\/section>","protected":false},"excerpt":{"rendered":"<p>[vc_row full_width=&#8221;stretch_row_content_no_spaces&#8221; css=&#8221;.vc_custom_1688449500553{background-image: url(https:\/\/plitvicki-dvori.com\/wp-content\/uploads\/2023\/06\/pexels-obryan-poyser-5060836.jpg?id=38) !important;background-position: center !important;background-repeat: no-repeat !important;background-size: cover !important;}&#8221;][vc_column][\/vc_column][\/vc_row][vc_row &#8230; <\/p>\n","protected":false},"author":1,"featured_media":0,"parent":0,"menu_order":0,"comment_status":"closed","ping_status":"closed","template":"","meta":{"footnotes":""},"class_list":["post-1325","page","type-page","status-publish","hentry"],"_links":{"self":[{"href":"https:\/\/plitvicki-dvori.com\/it\/wp-json\/wp\/v2\/pages\/1325","targetHints":{"allow":["GET"]}}],"collection":[{"href":"https:\/\/plitvicki-dvori.com\/it\/wp-json\/wp\/v2\/pages"}],"about":[{"href":"https:\/\/plitvicki-dvori.com\/it\/wp-json\/wp\/v2\/types\/page"}],"author":[{"embeddable":true,"href":"https:\/\/plitvicki-dvori.com\/it\/wp-json\/wp\/v2\/users\/1"}],"replies":[{"embeddable":true,"href":"https:\/\/plitvicki-dvori.com\/it\/wp-json\/wp\/v2\/comments?post=1325"}],"version-history":[{"count":3,"href":"https:\/\/plitvicki-dvori.com\/it\/wp-json\/wp\/v2\/pages\/1325\/revisions"}],"predecessor-version":[{"id":1465,"href":"https:\/\/plitvicki-dvori.com\/it\/wp-json\/wp\/v2\/pages\/1325\/revisions\/1465"}],"wp:attachment":[{"href":"https:\/\/plitvicki-dvori.com\/it\/wp-json\/wp\/v2\/media?parent=1325"}],"curies":[{"name":"wp","href":"https:\/\/api.w.org\/{rel}","templated":true}]}}